{"id":13969,"date":"2025-10-24T18:10:35","date_gmt":"2025-10-24T17:10:35","guid":{"rendered":"https:\/\/easymagic-secret.fr\/note-legali\/"},"modified":"2025-10-27T16:36:11","modified_gmt":"2025-10-27T15:36:11","slug":"note-legali","status":"publish","type":"page","link":"https:\/\/easymagic-secret.fr\/it\/note-legali\/","title":{"rendered":"Note legali"},"content":{"rendered":"<div class=\"wpb-content-wrapper\"><p>[vc_row css=&#8221;.vc_custom_1746254634864{padding-top: 100px !important;}&#8221;][vc_column][vc_column_text css=&#8221;&#8221;]<\/p>\n<h3 style=\"text-align: left;\">Note legali<\/h3>\n<p>[\/vc_column_text][vc_column_text css=&#8221;&#8221;]<span style=\"font-weight: 400;\">Conformemente alle disposizioni degli articoli 6-III e 19 della legge n\u00b02004-575 del 21 giugno 2004 per la Fiducia nell\u2019Economia Digitale (LCEN), si porta a conoscenza degli utenti e dei visitatori del sito easymagic-secret.fr le presenti note legali. <\/span>[\/vc_column_text][vc_column_text css=&#8221;&#8221;]<span style=\"font-weight: 400;\">Editore del sito <\/span><\/p>\n<p><span style=\"font-weight: 400;\">Ragione sociale: LYR LLC <\/span><\/p>\n<p><span style=\"font-weight: 400;\">Forma giuridica: SAS <\/span><\/p>\n<p><span style=\"font-weight: 400;\">Sede legale: 530B Harkle Rd Ste 100, Santa Fe, NM 87505-4739, Stati Uniti<br \/>RCS\/SIRET: [numero]  <\/span><\/p>\n<p><span style=\"font-weight: 400;\">Numero D-U-N-S: 127958204 <\/span><\/p>\n<p><span style=\"font-weight: 400;\">Email : contact@easymagic-secret.fr <\/span><\/p>\n<p><span style=\"font-weight: 400;\">Responsabile della pubblicazione: Ludovic Rabet <\/span>[\/vc_column_text][vc_column_text css=&#8221;&#8221;]Hosting<\/p>\n<p><span style=\"font-weight: 400;\">Fornitore di hosting : OVH <\/span><\/p>\n<p>Il sito easymagic-secret.fr \u00e8 ospitato da:<br \/>LYR LLC<br \/>2201 Menaul Blvd NE Ste A<br \/>Albuquerque, NM 87107-1711<br \/>Stati Uniti[\/vc_column_text][vc_column_text css=&#8221;&#8221;]Propriet\u00e0 intellettuale<\/p>\n<p>Il contenuto del sito easymagic-secret.fr (testi, immagini, video, loghi, marchi, ecc.) \u00e8 protetto dalle leggi vigenti in materia di propriet\u00e0 intellettuale. Qualsiasi riproduzione, rappresentazione o diffusione, anche parziale, \u00e8 vietata senza l&#8217;autorizzazione espressa del proprietario.[\/vc_column_text][vc_column_text css=&#8221;&#8221;]Dati personali<br \/>I dati raccolti sul sito sono destinati esclusivamente all&#8217;uso di Easy Magic Secret, nell&#8217;ambito della gestione degli ordini, del servizio clienti e della comunicazione di marketing (newsletter, offerte, ecc.).[\/vc_column_text][vc_column_text css=&#8221;&#8221;]<span style=\"font-weight: 400;\">Conformemente alla legge Informatica e Libert\u00e0 e al RGPD (Regolamento Generale sulla Protezione dei Dati), avete il diritto di accesso, rettifica, cancellazione e opposizione riguardo ai vostri dati personali. Per esercitare questo diritto, inviate la vostra richiesta a: contact@easymagic-secret.fr.  <\/span>[\/vc_column_text][vc_column_text css=&#8221;&#8221;]Cookie<\/p>\n<p>Il sito pu\u00f2 utilizzare i cookie per migliorare l\u2019esperienza dell\u2019utente e per fini statistici. L\u2019utente \u00e8 libero di disattivare i cookie tramite le impostazioni del proprio browser.[\/vc_column_text][vc_column_text css=&#8221;&#8221;]1. Oggetto<\/p>\n<p>Le presenti Condizioni Generali di Vendita definiscono i diritti e gli obblighi di Easy Magic Secret e dei suoi clienti nell\u2019ambito della vendita di scatole di magia tramite il sito web www.easymagic-secret.fr.[\/vc_column_text][vc_column_text css=&#8221;&#8221;]2. Identit\u00e0 del venditore<\/p>\n<p>LYR LLC<\/p>\n<p>Responsabile: Ludovic Rabet<\/p>\n<p>Indirizzo dell\u2019azienda LYR LLC: LYR LLC 2201 Menaul Blvd NE Ste A, Albuquerque, NM 87107-1711 Stati Uniti[\/vc_column_text][vc_column_text css=&#8221;&#8221;]3. Prodotti<\/p>\n<p>I prodotti offerti in vendita sono scatole di magia progettate per un uso ludico ed educativo, destinate principalmente ai bambini. Le descrizioni, le foto e i prezzi sono presentati con la massima cura. Tuttavia, possono verificarsi degli errori: questi non implicano alcuna responsabilit\u00e0 da parte del venditore.[\/vc_column_text][vc_column_text css=&#8221;&#8221;]4. Prezzi<\/p>\n<p>I prezzi sono indicati in euro IVA inclusa, escluse le spese di spedizione. Easy Magic Secret si riserva il diritto di modificare i propri prezzi in qualsiasi momento, ma i prodotti saranno fatturati sulla base delle tariffe in vigore al momento dell\u2019ordine.[\/vc_column_text][vc_column_text css=&#8221;&#8221;]5. Ordine<\/p>\n<p>Qualsiasi ordine effettuato sul sito implica l\u2019accettazione piena e totale delle presenti Condizioni Generali di Vendita. Il cliente riceve un\u2019e-mail di conferma dopo la convalida del pagamento.[\/vc_column_text][vc_column_text css=&#8221;&#8221;]6. Consegna<\/p>\n<p>Le consegne vengono effettuate in Francia e a livello internazionale tramite [La Poste \/ corrieri partner].<\/p>\n<p>Tempi indicativi: da 2 a 7 giorni lavorativi per la Francia.<\/p>\n<p>Le spese di spedizione sono indicate prima della conferma dell\u2019ordine.<\/p>\n<p>Easy Magic Secret non pu\u00f2 essere ritenuta responsabile per eventuali ritardi imputabili ai corrieri.[\/vc_column_text][vc_column_text css=&#8221;&#8221;]7. Pagamento<\/p>\n<p>Il pagamento \u00e8 richiesto immediatamente al momento dell\u2019ordine. Pu\u00f2 essere effettuato tramite carta di credito, PayPal o qualsiasi altro metodo proposto sul sito. Il pagamento \u00e8 sicuro tramite [nome del fornitore di servizi di pagamento].[\/vc_column_text][vc_column_text css=&#8221;&#8221;]8. Diritto di recesso<\/p>\n<p>Conformemente all\u2019articolo L221-18 del Codice del Consumo, il cliente dispone di un termine di 14 giorni a partire dalla ricezione del prodotto per esercitare il proprio diritto di recesso, senza dover fornire alcuna motivazione.[\/vc_column_text][vc_column_text css=&#8221;&#8221;]<span style=\"font-weight: 400;\">Il prodotto deve essere restituito in perfette condizioni, nel suo imballaggio originale, a spese del cliente. Il rimborso sar\u00e0 effettuato entro 14 giorni dal ricevimento del reso.  <\/span>[\/vc_column_text][vc_column_text css=&#8221;&#8221;]<span style=\"font-weight: 400;\">Eccezioni: Nessun diritto di recesso sui prodotti personalizzati o aperti il cui imballaggio sigillato \u00e8 stato alterato. <\/span>[\/vc_column_text][vc_column_text css=&#8221;&#8221;]9. Servizio clienti<\/p>\n<p>Per qualsiasi domanda o reclamo, potete contattarci via e-mail: contact@easymagic-secret.fr[\/vc_column_text][vc_column_text css=&#8221;&#8221;]10. Garanzia e conformit\u00e0<\/p>\n<p>I prodotti beneficiano delle garanzie legali di conformit\u00e0 (articoli da L217-4 a L217-14 del Codice del Consumo) e dei vizi occulti (articoli 1641 e seguenti del Codice Civile).[\/vc_column_text][vc_column_text css=&#8221;&#8221;]11. Responsabilit\u00e0<\/p>\n<p>Easy Magic Secret non pu\u00f2 essere ritenuta responsabile per eventuali danni indiretti derivanti dall\u2019acquisto di un prodotto. L\u2019uso delle scatole di magia deve essere supervisionato da un adulto per i bambini di et\u00e0 inferiore ai 14 anni.[\/vc_column_text][vc_column_text css=&#8221;&#8221;]12. Dati personali<\/p>\n<p>I dati personali raccolti sono utilizzati esclusivamente per l\u2019elaborazione degli ordini e la comunicazione commerciale. Il cliente pu\u00f2 esercitare in qualsiasi momento i propri diritti di accesso, rettifica e cancellazione, conformemente al RGPD.[\/vc_column_text][vc_column_text css=&#8221;&#8221;]13. Legge applicabile e controversie<\/p>\n<p>Le presenti Condizioni Generali di Vendita sono soggette al diritto francese. In caso di controversia, sar\u00e0 privilegiata una soluzione amichevole. In mancanza di accordo, i tribunali competenti saranno quelli della sede legale di Easy Magic Secret.[\/vc_column_text][\/vc_column][\/vc_row]<\/p>\n<\/div>","protected":false},"excerpt":{"rendered":"<p>[vc_row css=&#8221;.vc_custom_1746254634864{padding-top: 100px !important;}&#8221;][vc_column][vc_column_text css=&#8221;&#8221;] Note legali [\/vc_column_text][vc_column_text css=&#8221;&#8221;]Conformemente alle disposizioni degli articoli 6-III e 19 della legge n\u00b02004-575 del 21 giugno 2004 per la Fiducia nell\u2019Economia Digitale (LCEN), si porta a conoscenza degli utenti e dei visitatori del sito easymagic-secret.fr le presenti note legali. [\/vc_column_text][vc_column_text css=&#8221;&#8221;]Editore del sito Ragione sociale: LYR LLC Forma giuridica: [&hellip;]<\/p>\n","protected":false},"author":11,"featured_media":0,"parent":0,"menu_order":0,"comment_status":"closed","ping_status":"closed","template":"","meta":{"footnotes":""},"class_list":["post-13969","page","type-page","status-publish","hentry"],"_links":{"self":[{"href":"https:\/\/easymagic-secret.fr\/it\/wp-json\/wp\/v2\/pages\/13969","targetHints":{"allow":["GET"]}}],"collection":[{"href":"https:\/\/easymagic-secret.fr\/it\/wp-json\/wp\/v2\/pages"}],"about":[{"href":"https:\/\/easymagic-secret.fr\/it\/wp-json\/wp\/v2\/types\/page"}],"author":[{"embeddable":true,"href":"https:\/\/easymagic-secret.fr\/it\/wp-json\/wp\/v2\/users\/11"}],"replies":[{"embeddable":true,"href":"https:\/\/easymagic-secret.fr\/it\/wp-json\/wp\/v2\/comments?post=13969"}],"version-history":[{"count":6,"href":"https:\/\/easymagic-secret.fr\/it\/wp-json\/wp\/v2\/pages\/13969\/revisions"}],"predecessor-version":[{"id":14307,"href":"https:\/\/easymagic-secret.fr\/it\/wp-json\/wp\/v2\/pages\/13969\/revisions\/14307"}],"wp:attachment":[{"href":"https:\/\/easymagic-secret.fr\/it\/wp-json\/wp\/v2\/media?parent=13969"}],"curies":[{"name":"wp","href":"https:\/\/api.w.org\/{rel}","templated":true}]}}