{"id":14176,"date":"2025-04-10T02:37:22","date_gmt":"2025-04-10T01:37:22","guid":{"rendered":"https:\/\/easymagic-secret.fr\/site-en-construction\/"},"modified":"2025-10-28T20:48:30","modified_gmt":"2025-10-28T19:48:30","slug":"site-en-construction","status":"publish","type":"page","link":"https:\/\/easymagic-secret.fr\/es\/site-en-construction\/","title":{"rendered":"Site en construcci\u00f3n"},"content":{"rendered":"<div class=\"wpb-content-wrapper\"><p>[vc_row css=\u00bb.vc_custom_1744250422692{padding-top: 100px !important;}\u00bb][vc_column][\/vc_column][\/vc_row][vc_row css=\u00bb.vc_custom_1744252737778{background-color: #000000 !important;}\u00bb][vc_column][vc_column_text css=\u00bb\u00bb]<\/p>\n<h2 style=\"text-align: center;\">Sitio en construcci\u00f3n<\/h2>\n<p>[\/vc_column_text][vc_single_image image=\u00bb14177&#8243; img_size=\u00bbmedium\u00bb alignment=\u00bbcenter\u00bb css=\u00bb\u00bb][vc_column_text css=\u00bb\u00bb]<\/p>\n<p style=\"text-align: center;\">Esta p\u00e1gina est\u00e1 en construcci\u00f3n. Gracias por su comprensi\u00f3n. <\/p>\n<p>[\/vc_column_text][\/vc_column][\/vc_row]<\/p>\n<\/div>","protected":false},"excerpt":{"rendered":"<p>[vc_row css=\u00bb.vc_custom_1744250422692{padding-top: 100px !important;}\u00bb][vc_column][\/vc_column][\/vc_row][vc_row css=\u00bb.vc_custom_1744252737778{background-color: #000000 !important;}\u00bb][vc_column][vc_column_text css=\u00bb\u00bb] Sitio en construcci\u00f3n [\/vc_column_text][vc_single_image image=\u00bb14177&#8243; img_size=\u00bbmedium\u00bb alignment=\u00bbcenter\u00bb css=\u00bb\u00bb][vc_column_text css=\u00bb\u00bb] Esta p\u00e1gina est\u00e1 en construcci\u00f3n. Gracias por su comprensi\u00f3n. [\/vc_column_text][\/vc_column][\/vc_row]<\/p>\n","protected":false},"author":11,"featured_media":0,"parent":0,"menu_order":0,"comment_status":"closed","ping_status":"closed","template":"page-comingsoon.php","meta":{"footnotes":""},"class_list":["post-14176","page","type-page","status-publish","hentry"],"_links":{"self":[{"href":"https:\/\/easymagic-secret.fr\/es\/wp-json\/wp\/v2\/pages\/14176","targetHints":{"allow":["GET"]}}],"collection":[{"href":"https:\/\/easymagic-secret.fr\/es\/wp-json\/wp\/v2\/pages"}],"about":[{"href":"https:\/\/easymagic-secret.fr\/es\/wp-json\/wp\/v2\/types\/page"}],"author":[{"embeddable":true,"href":"https:\/\/easymagic-secret.fr\/es\/wp-json\/wp\/v2\/users\/11"}],"replies":[{"embeddable":true,"href":"https:\/\/easymagic-secret.fr\/es\/wp-json\/wp\/v2\/comments?post=14176"}],"version-history":[{"count":5,"href":"https:\/\/easymagic-secret.fr\/es\/wp-json\/wp\/v2\/pages\/14176\/revisions"}],"predecessor-version":[{"id":14182,"href":"https:\/\/easymagic-secret.fr\/es\/wp-json\/wp\/v2\/pages\/14176\/revisions\/14182"}],"wp:attachment":[{"href":"https:\/\/easymagic-secret.fr\/es\/wp-json\/wp\/v2\/media?parent=14176"}],"curies":[{"name":"wp","href":"https:\/\/api.w.org\/{rel}","templated":true}]}}