{"id":14160,"date":"2025-10-26T18:06:23","date_gmt":"2025-10-26T17:06:23","guid":{"rendered":"https:\/\/easymagic-secret.fr\/?page_id=14160"},"modified":"2025-10-28T20:48:28","modified_gmt":"2025-10-28T19:48:28","slug":"aviso-legal","status":"publish","type":"page","link":"https:\/\/easymagic-secret.fr\/es\/aviso-legal\/","title":{"rendered":"Aviso legal"},"content":{"rendered":"<div class=\"wpb-content-wrapper\"><p>[vc_row css=\u00bb.vc_custom_1746254634864{padding-top: 100px !important;}\u00bb][vc_column][vc_column_text css=\u00bb\u00bb]<\/p>\n<h3 style=\"text-align: left;\">Aviso legal<\/h3>\n<p>[\/vc_column_text][vc_column_text css=\u00bb\u00bb]De conformidad con lo dispuesto en los art\u00edculos 6-III y 19 de la Ley n.\u00ba 2004-575 del 21 de junio de 2004 para la Confianza en la Econom\u00eda Digital (LCEN), se pone en conocimiento de los usuarios y visitantes del sitio easymagic-secret.fr el presente aviso legal.[\/vc_column_text][vc_column_text css=\u00bb\u00bb]Editor del sitio<\/p>\n<p>&nbsp;<\/p>\n<p>Raz\u00f3n social: LYR LLC<br \/>\nForma jur\u00eddica: SAS<br \/>\nDomicilio social: 530B Harkle Rd Ste 100 Santa Fe, NM 87505-4739 Estados Unidos<br \/>\nRCS\/SIRET: [n\u00famero]<br \/>\nN\u00famero D-U-N-S: 127958204<br \/>\nCorreo electr\u00f3nico: contact@easymagic-secret.fr<br \/>\nResponsable de la publicaci\u00f3n: Ludovic Rabet[\/vc_column_text][vc_column_text css=\u00bb\u00bb]<span style=\"font-weight: 400;\">Alojamiento \u00a0<\/span><\/p>\n<p>Proveedor de alojamiento: OVH<\/p>\n<p>Direcci\u00f3n de la empresa LYR LLC: LYR LLC 2201 Menaul Blvd NE Ste A, Albuquerque, NM 87107-1711 Estados Unidos[\/vc_column_text][vc_column_text css=\u00bb\u00bb]Propiedad intelectual<\/p>\n<p>El contenido del sitio easymagic-secret.fr (textos, im\u00e1genes, v\u00eddeos, logotipos, marcas, etc.) est\u00e1 protegido por las leyes vigentes sobre propiedad intelectual. Queda prohibida cualquier reproducci\u00f3n, representaci\u00f3n o difusi\u00f3n, incluso parcial, sin la autorizaci\u00f3n expresa de su propietario.[\/vc_column_text][vc_column_text css=\u00bb\u00bb]Datos personales<\/p>\n<p>Los datos recopilados en el sitio se destinan \u00fanicamente al uso de Easy Magic Secret, en el marco de la gesti\u00f3n de pedidos, atenci\u00f3n al cliente y comunicaci\u00f3n comercial (boletines, ofertas, etc.).[\/vc_column_text][vc_column_text css=\u00bb\u00bb]De conformidad con la Ley de Protecci\u00f3n de Datos y el RGPD (Reglamento General de Protecci\u00f3n de Datos), usted dispone de un derecho de acceso, rectificaci\u00f3n, supresi\u00f3n y oposici\u00f3n respecto a sus datos personales. Para ejercer este derecho, env\u00ede su solicitud a: contact@easymagic-secret.fr.[\/vc_column_text][vc_column_text css=\u00bb\u00bb]Cookies<\/p>\n<p>El sitio puede utilizar cookies para mejorar la experiencia del usuario y con fines estad\u00edsticos. El usuario es libre de desactivar las cookies mediante la configuraci\u00f3n de su navegador.[\/vc_column_text][vc_column_text css=\u00bb\u00bb]1. Objeto<\/p>\n<p>Las presentes Condiciones Generales de Venta definen los derechos y obligaciones de Easy Magic Secret y sus clientes en el marco de la venta de cajas de magia a trav\u00e9s del sitio web www.easymagic-secret.fr.[\/vc_column_text][vc_column_text css=\u00bb\u00bb]2. Identidad del vendedor<\/p>\n<p>LYR LLC<\/p>\n<p>Responsable: Ludovic Rabet<\/p>\n<p>Direcci\u00f3n: LYR LLC 2201 Menaul Blvd NE Ste A, Albuquerque, NM 87107-1711 Estados Unidos[\/vc_column_text][vc_column_text css=\u00bb\u00bb]3. Productos<\/p>\n<p>Los productos ofrecidos a la venta son cajas de magia dise\u00f1adas para un uso l\u00fadico y educativo, principalmente destinadas a ni\u00f1os. Las descripciones, fotos y precios se presentan con el mayor cuidado. No obstante, pueden producirse errores: no comprometen la responsabilidad del vendedor.[\/vc_column_text][vc_column_text css=\u00bb\u00bb]4. Precio<\/p>\n<p>Los precios se indican en euros con IVA incluido, excluidos los gastos de env\u00edo. Easy Magic Secret se reserva el derecho de modificar sus precios en cualquier momento, pero los productos se facturar\u00e1n seg\u00fan las tarifas vigentes en el momento del pedido.[\/vc_column_text][vc_column_text css=\u00bb\u00bb]5. Pedido<\/p>\n<p>Todo pedido realizado en el sitio implica la aceptaci\u00f3n plena y completa de las presentes CGV. El cliente recibe un correo electr\u00f3nico de confirmaci\u00f3n tras la validaci\u00f3n del pago.[\/vc_column_text][vc_column_text css=\u00bb\u00bb]<span style=\"font-weight: 400;\">6. <\/span><span style=\"font-weight: 400;\">Entrega\u00a0\u00a0<\/span><\/p>\n<p>Las entregas se realizan en Francia y a nivel internacional a trav\u00e9s de [La Poste \/ transportistas asociados].<\/p>\n<p>Plazo indicativo: de 2 a 7 d\u00edas laborables para Francia.<\/p>\n<p>Los gastos de env\u00edo se indican antes de la validaci\u00f3n del pedido.<\/p>\n<p>Easy Magic Secret no se hace responsable de los retrasos imputables a los transportistas.[\/vc_column_text][vc_column_text css=\u00bb\u00bb]7. Pago<\/p>\n<p>El pago es exigible inmediatamente al realizar el pedido. Puede efectuarse mediante tarjeta bancaria, PayPal u otro medio propuesto en el sitio. El pago est\u00e1 asegurado a trav\u00e9s de [nombre del proveedor de pago].[\/vc_column_text][vc_column_text css=\u00bb\u00bb]8. Derecho de desistimiento<\/p>\n<p>De conformidad con el art\u00edculo L221-18 del C\u00f3digo de Consumo, el cliente dispone de un plazo de 14 d\u00edas a partir de la recepci\u00f3n del producto para ejercer su derecho de desistimiento, sin necesidad de justificar motivos.[\/vc_column_text][vc_column_text css=\u00bb\u00bb]El producto debe devolverse en perfecto estado, en su embalaje original, a cargo del cliente. El reembolso se efectuar\u00e1 en un plazo de 14 d\u00edas tras la recepci\u00f3n de la devoluci\u00f3n.[\/vc_column_text][vc_column_text css=\u00bb\u00bb]Excepciones: No hay derecho de desistimiento en productos personalizados o abiertos cuyo embalaje sellado est\u00e9 alterado.[\/vc_column_text][vc_column_text css=\u00bb\u00bb]9. Atenci\u00f3n al cliente<\/p>\n<p>Para cualquier pregunta o reclamaci\u00f3n, puede contactarnos por correo electr\u00f3nico: contact@easymagic-secret.fr.[\/vc_column_text][vc_column_text css=\u00bb\u00bb]10. Garant\u00eda y conformidad<\/p>\n<p>Los productos se benefician de las garant\u00edas legales de conformidad (art\u00edculos L217-4 a L217-14 del C\u00f3digo de Consumo) y de vicios ocultos (art\u00edculos 1641 y siguientes del C\u00f3digo Civil).[\/vc_column_text][vc_column_text css=\u00bb\u00bb]11. Responsabilidad<\/p>\n<p>Easy Magic Secret no se hace responsable de los da\u00f1os indirectos que puedan derivarse de la compra de un producto. El uso de las cajas de magia debe ser supervisado por un adulto para ni\u00f1os menores de 14 a\u00f1os.[\/vc_column_text][vc_column_text css=\u00bb\u00bb]12. Datos personales<\/p>\n<p>Los datos personales recopilados se utilizan \u00fanicamente para el tratamiento de pedidos y la comunicaci\u00f3n comercial. El cliente puede ejercer sus derechos de acceso, rectificaci\u00f3n y supresi\u00f3n en cualquier momento, conforme al RGPD.[\/vc_column_text][vc_column_text css=\u00bb\u00bb]13. Ley aplicable y litigios<\/p>\n<p>Las presentes CGV se rigen por la ley francesa. En caso de litigio, se privilegiar\u00e1 una soluci\u00f3n amistosa. En su defecto, los tribunales competentes ser\u00e1n los del domicilio social de Easy Magic Secret.[\/vc_column_text][\/vc_column][\/vc_row]<\/p>\n<\/div>","protected":false},"excerpt":{"rendered":"<p>[vc_row css=\u00bb.vc_custom_1746254634864{padding-top: 100px !important;}\u00bb][vc_column][vc_column_text css=\u00bb\u00bb] Aviso legal [\/vc_column_text][vc_column_text css=\u00bb\u00bb]De conformidad con lo dispuesto en los art\u00edculos 6-III y 19 de la Ley n.\u00ba 2004-575 del 21 de junio de 2004 para la Confianza en la Econom\u00eda Digital (LCEN), se pone en conocimiento de los usuarios y visitantes del sitio easymagic-secret.fr el presente aviso legal.[\/vc_column_text][vc_column_text css=\u00bb\u00bb]Editor [&hellip;]<\/p>\n","protected":false},"author":11,"featured_media":0,"parent":0,"menu_order":0,"comment_status":"closed","ping_status":"closed","template":"","meta":{"footnotes":""},"class_list":["post-14160","page","type-page","status-publish","hentry"],"_links":{"self":[{"href":"https:\/\/easymagic-secret.fr\/es\/wp-json\/wp\/v2\/pages\/14160","targetHints":{"allow":["GET"]}}],"collection":[{"href":"https:\/\/easymagic-secret.fr\/es\/wp-json\/wp\/v2\/pages"}],"about":[{"href":"https:\/\/easymagic-secret.fr\/es\/wp-json\/wp\/v2\/types\/page"}],"author":[{"embeddable":true,"href":"https:\/\/easymagic-secret.fr\/es\/wp-json\/wp\/v2\/users\/11"}],"replies":[{"embeddable":true,"href":"https:\/\/easymagic-secret.fr\/es\/wp-json\/wp\/v2\/comments?post=14160"}],"version-history":[{"count":7,"href":"https:\/\/easymagic-secret.fr\/es\/wp-json\/wp\/v2\/pages\/14160\/revisions"}],"predecessor-version":[{"id":14175,"href":"https:\/\/easymagic-secret.fr\/es\/wp-json\/wp\/v2\/pages\/14160\/revisions\/14175"}],"wp:attachment":[{"href":"https:\/\/easymagic-secret.fr\/es\/wp-json\/wp\/v2\/media?parent=14160"}],"curies":[{"name":"wp","href":"https:\/\/api.w.org\/{rel}","templated":true}]}}