{"id":13886,"date":"2025-10-23T16:49:29","date_gmt":"2025-10-23T15:49:29","guid":{"rendered":"https:\/\/easymagic-secret.fr\/impressum\/"},"modified":"2025-10-27T16:36:10","modified_gmt":"2025-10-27T15:36:10","slug":"impressum","status":"publish","type":"page","link":"https:\/\/easymagic-secret.fr\/de\/impressum\/","title":{"rendered":"Impressum"},"content":{"rendered":"<div class=\"wpb-content-wrapper\"><p>[vc_row css=&#8220;.vc_custom_1746254634864{padding-top: 100px !important;}&#8220;][vc_column][vc_column_text css=&#8220;&#8220;]<\/p>\n<h3 style=\"text-align: left;\">Impressum<\/h3>\n<p>[\/vc_column_text][vc_column_text css=&#8220;&#8220;]<span style=\"font-weight: 400;\">Gem\u00e4\u00df den Bestimmungen der Artikel 6-III und 19 des franz\u00f6sischen Gesetzes Nr. 2004-575 vom 21. Juni 2004 f\u00fcr das Vertrauen in die digitale Wirtschaft (LCEN) werden die folgenden rechtlichen Hinweise den Nutzern und Besuchern der Website easymagic-secret.fr zur Kenntnis gebracht <\/span>[\/vc_column_text][vc_column_text css=&#8220;&#8220;]<span style=\"font-weight: 400;\">Website-Herausgeber <\/span><\/p>\n<p><span style=\"font-weight: 400;\">Firmenname: LYR LLC <\/span><\/p>\n<p><span style=\"font-weight: 400;\">Rechtsform: SAS (vereinfachte Aktiengesellschaft) <\/span><\/p>\n<p><span style=\"font-weight: 400;\">Firmensitz: 530B Harkle Rd Ste 100, Santa Fe, NM 87505-4739, Vereinigte Staaten.<br \/>Handelsregister\/SIRET: [Nummer]  <\/span><\/p>\n<p><span style=\"font-weight: 400;\">D-U-N-S-Nummer: 127958204 <\/span><\/p>\n<p><span style=\"font-weight: 400;\">E-mail : contact@easymagic-secret.fr <\/span><\/p>\n<p><span style=\"font-weight: 400;\">Verantwortlicher f\u00fcr die Ver\u00f6ffentlichung: Ludovic Rabet <\/span>[\/vc_column_text][vc_column_text css=&#8220;&#8220;]Hosting<\/p>\n<p>Hosting-Anbieter: OVH<br \/>\nAdresse des Unternehmens LYR LLC:LYR LLC 2201 Menaul Blvd NE Ste A,Albuquerque, NM 87107-1711,Vereinigte Staaten[\/vc_column_text][vc_column_text css=&#8220;&#8220;]Geistiges Eigentum<br \/>\nDer Inhalt der Website easymagic-secret.fr (Texte, Bilder, Videos, Logos, Marken usw.) ist durch die geltenden Gesetze zum geistigen Eigentum gesch\u00fctzt. Jegliche Vervielf\u00e4ltigung, Darstellung oder Verbreitung \u2013 auch teilweise \u2013 ist ohne die ausdr\u00fcckliche Genehmigung des Eigent\u00fcmers untersagt.[\/vc_column_text][vc_column_text css=&#8220;&#8220;]Personenbezogene Daten<\/p>\n<p>Die auf der Website erhobenen Daten dienen ausschlie\u00dflich der Nutzung durch Easy Magic Secret im Rahmen der Bestellabwicklung, des Kundendienstes und der Marketingkommunikation (Newsletter, Angebote usw.).[\/vc_column_text][vc_column_text css=&#8220;&#8220;]<span style=\"font-weight: 400;\">Datenschutz gem\u00e4\u00df DSGVO und franz\u00f6sischem Datenschutzgesetz Gem\u00e4\u00df dem franz\u00f6sischen Datenschutzgesetz (Loi Informatique et Libert\u00e9s) und der Datenschutz-Grundverordnung (DSGVO) haben Sie das Recht auf Zugang, Berichtigung, L\u00f6schung und Widerspruch in Bezug auf Ihre personenbezogenen Daten. Um dieses Recht auszu\u00fcben, senden Sie bitte Ihre Anfrage an: contact@easymagic-secret.fr  <\/span>[\/vc_column_text][vc_column_text css=&#8220;&#8220;]Cookies<br \/>\nDie Website kann Cookies verwenden, um die Benutzererfahrung zu verbessern und zu statistischen Zwecken.<br \/>\nDer Nutzer kann Cookies jederzeit \u00fcber die Einstellungen seines Browsers deaktivieren.[\/vc_column_text][vc_column_text css=&#8220;&#8220;]<span style=\"font-weight: 400;\">Cookies<br \/>\nDie Website kann Cookies verwenden, um die Benutzererfahrung zu verbessern und zu statistischen Zwecken.<br \/>\nDer Nutzer kann Cookies jederzeit \u00fcber die Einstellungen seines Browsers deaktivieren.1. Objet <\/span><\/p>\n<p><span style=\"font-weight: 400;\">Les pr\u00e9sentes Conditions G\u00e9n\u00e9rales de Vente d\u00e9finissent les droits et obligations d&#8217;Easy Magic Secret et de ses clients dans le cadre de la vente de bo\u00eetes de magie via le site inter net www.easymagic-secret.fr. <\/span>[\/vc_column_text][vc_column_text css=&#8220;&#8220;]2. Identit\u00e4t des Verk\u00e4ufers<\/p>\n<p>LYR LLC<\/p>\n<p>Verantwortlich: Ludovic Rabet<\/p>\n<p>Firmenadresse von LYR LLC: LYR LLC, 2201 Menaul Blvd NE Ste A, Albuquerque, NM 87107-1711, Vereinigte Staaten[\/vc_column_text][vc_column_text css=&#8220;&#8220;]3. Produkte<\/p>\n<p>Die zum Verkauf angebotenen Produkte sind Zauberkisten, die f\u00fcr spielerische und p\u00e4dagogische Zwecke konzipiert sind und sich haupts\u00e4chlich an Kinder richten. Beschreibungen, Fotos und Preise werden mit gr\u00f6\u00dfter Sorgfalt pr\u00e4sentiert. Dennoch k\u00f6nnen Fehler auftreten: Diese begr\u00fcnden keine Haftung des Verk\u00e4ufers.[\/vc_column_text][vc_column_text css=&#8220;&#8220;]4. Preise<\/p>\n<p>Die Preise sind in Euro inklusive aller Steuern (inkl. MwSt.) angegeben, jedoch ohne Versandkosten. Easy Magic Secret beh\u00e4lt sich das Recht vor, die Preise jederzeit zu \u00e4ndern. Die Produkte werden jedoch auf Grundlage der zum Zeitpunkt der Bestellung g\u00fcltigen Preise berechnet.[\/vc_column_text][vc_column_text css=&#8220;&#8220;]5. Bestellung<\/p>\n<p>Jede \u00fcber die Website aufgegebene Bestellung setzt die vollst\u00e4ndige und vorbehaltlose Annahme dieser Allgemeinen Verkaufsbedingungen voraus. Der Kunde erh\u00e4lt eine Best\u00e4tigungs-E-Mail nach erfolgreicher Zahlungsabwicklung.[\/vc_column_text][vc_column_text css=&#8220;&#8220;]6. Lieferung<\/p>\n<p>Die Lieferungen erfolgen innerhalb Frankreichs und international \u00fcber [La Poste \/ Partner-Transportunternehmen].<\/p>\n<p>Ungef\u00e4hre Lieferzeit: 2 bis 7 Werktage f\u00fcr Frankreich.<\/p>\n<p>Die Versandkosten werden vor der Bestellbest\u00e4tigung angegeben.<\/p>\n<p>Easy Magic Secret kann nicht f\u00fcr Lieferverz\u00f6gerungen haftbar gemacht werden, die auf die Transportunternehmen zur\u00fcckzuf\u00fchren sind.[\/vc_column_text][vc_column_text css=&#8220;&#8220;]7. Zahlung<\/p>\n<p>Die Zahlung ist bei der Bestellung sofort f\u00e4llig. Sie kann per Kreditkarte, PayPal oder \u00fcber andere auf der Website angebotene Zahlungsmethoden erfolgen. Die Zahlung wird \u00fcber [Name des Zahlungsdienstleisters] sicher abgewickelt.[\/vc_column_text][vc_column_text css=&#8220;&#8220;]8. Widerrufsrecht<\/p>\n<p>Gem\u00e4\u00df Artikel L221-18 des franz\u00f6sischen Verbraucherschutzgesetzes verf\u00fcgt der Kunde \u00fcber eine Frist von 14 Tagen ab Erhalt des Produkts, um sein Widerrufsrecht auszu\u00fcben, ohne Gr\u00fcnde angeben zu m\u00fcssen.[\/vc_column_text][vc_column_text css=&#8220;&#8220;]<span style=\"font-weight: 400;\">Das Produkt muss in einwandfreiem Zustand und in der Originalverpackung auf Kosten des Kunden zur\u00fcckgesendet werden. Die R\u00fcckerstattung erfolgt innerhalb von 14 Tagen nach Erhalt der R\u00fccksendung. <\/span>[\/vc_column_text][vc_column_text css=&#8220;&#8220;]<span style=\"font-weight: 400;\">Ausnahmen: Kein Widerrufsrecht bei personalisierten Produkten oder ge\u00f6ffneten Artikeln, deren versiegelte Verpackung besch\u00e4digt ist. <\/span>[\/vc_column_text][vc_column_text css=&#8220;&#8220;]9. Kundenservice<\/p>\n<p>Bei Fragen oder Beschwerden k\u00f6nnen Sie uns per E-Mail kontaktieren: contact@easymagic-secret.fr[\/vc_column_text][vc_column_text css=&#8220;&#8220;]10. Garantie und Konformit\u00e4t<\/p>\n<p>Die Produkte unterliegen den gesetzlichen Gew\u00e4hrleistungen hinsichtlich der Konformit\u00e4t (Artikel L217-4 bis L217-14 des franz\u00f6sischen Verbraucherschutzgesetzes) sowie versteckter M\u00e4ngel (Artikel 1641 ff. des franz\u00f6sischen Zivilgesetzbuches).[\/vc_column_text][vc_column_text css=&#8220;&#8220;]11. Haftung<\/p>\n<p>Easy Magic Secret kann nicht f\u00fcr indirekte Sch\u00e4den haftbar gemacht werden, die durch den Kauf eines Produkts entstehen k\u00f6nnten. Die Verwendung der Zauberkisten muss bei Kindern unter 14 Jahren von einem Erwachsenen beaufsichtigt werden.[\/vc_column_text][vc_column_text css=&#8220;&#8220;]12. Personenbezogene Daten<\/p>\n<p>Die erhobenen personenbezogenen Daten werden ausschlie\u00dflich zur Bearbeitung von Bestellungen und f\u00fcr kommerzielle Kommunikation verwendet. Der Kunde kann seine Rechte auf Zugang, Berichtigung und L\u00f6schung jederzeit gem\u00e4\u00df der DSGVO aus\u00fcben.[\/vc_column_text][vc_column_text css=&#8220;&#8220;]13. Anwendbares Recht und Streitigkeiten<\/p>\n<p>Diese Allgemeinen Verkaufsbedingungen unterliegen dem franz\u00f6sischen Recht. Im Falle eines Streitfalls wird eine g\u00fctliche Einigung bevorzugt. Andernfalls sind die zust\u00e4ndigen Gerichte die am Sitz von Easy Magic Secret.[\/vc_column_text][\/vc_column][\/vc_row]<\/p>\n<\/div>","protected":false},"excerpt":{"rendered":"<p>[vc_row css=&#8220;.vc_custom_1746254634864{padding-top: 100px !important;}&#8220;][vc_column][vc_column_text css=&#8220;&#8220;] Impressum [\/vc_column_text][vc_column_text css=&#8220;&#8220;]Gem\u00e4\u00df den Bestimmungen der Artikel 6-III und 19 des franz\u00f6sischen Gesetzes Nr. 2004-575 vom 21. Juni 2004 f\u00fcr das Vertrauen in die digitale Wirtschaft (LCEN) werden die folgenden rechtlichen Hinweise den Nutzern und Besuchern der Website easymagic-secret.fr zur Kenntnis gebracht [\/vc_column_text][vc_column_text css=&#8220;&#8220;]Website-Herausgeber Firmenname: LYR LLC Rechtsform: SAS (vereinfachte [&hellip;]<\/p>\n","protected":false},"author":11,"featured_media":0,"parent":0,"menu_order":0,"comment_status":"closed","ping_status":"closed","template":"","meta":{"footnotes":""},"class_list":["post-13886","page","type-page","status-publish","hentry"],"_links":{"self":[{"href":"https:\/\/easymagic-secret.fr\/de\/wp-json\/wp\/v2\/pages\/13886","targetHints":{"allow":["GET"]}}],"collection":[{"href":"https:\/\/easymagic-secret.fr\/de\/wp-json\/wp\/v2\/pages"}],"about":[{"href":"https:\/\/easymagic-secret.fr\/de\/wp-json\/wp\/v2\/types\/page"}],"author":[{"embeddable":true,"href":"https:\/\/easymagic-secret.fr\/de\/wp-json\/wp\/v2\/users\/11"}],"replies":[{"embeddable":true,"href":"https:\/\/easymagic-secret.fr\/de\/wp-json\/wp\/v2\/comments?post=13886"}],"version-history":[{"count":10,"href":"https:\/\/easymagic-secret.fr\/de\/wp-json\/wp\/v2\/pages\/13886\/revisions"}],"predecessor-version":[{"id":14305,"href":"https:\/\/easymagic-secret.fr\/de\/wp-json\/wp\/v2\/pages\/13886\/revisions\/14305"}],"wp:attachment":[{"href":"https:\/\/easymagic-secret.fr\/de\/wp-json\/wp\/v2\/media?parent=13886"}],"curies":[{"name":"wp","href":"https:\/\/api.w.org\/{rel}","templated":true}]}}